{"id":9,"date":"2025-10-20T17:07:59","date_gmt":"2025-10-20T17:07:59","guid":{"rendered":"https:\/\/turraadvogados.doisgv.com\/?page_id=9"},"modified":"2026-04-13T14:20:17","modified_gmt":"2026-04-13T14:20:17","slug":"inicio","status":"publish","type":"page","link":"https:\/\/turraadvogados.doisgv.com\/","title":{"rendered":"In\u00edcio"},"content":{"rendered":"\t\t<div data-elementor-type=\"wp-page\" data-elementor-id=\"9\" class=\"elementor elementor-9\" data-elementor-post-type=\"page\">\n\t\t\t\t<div class=\"elementor-element elementor-element-4158bf9b e-con-full e-flex e-con e-parent\" data-id=\"4158bf9b\" data-element_type=\"container\" data-e-type=\"container\" data-settings=\"{&quot;background_background&quot;:&quot;slideshow&quot;,&quot;background_slideshow_gallery&quot;:[{&quot;id&quot;:261,&quot;url&quot;:&quot;https:\\\/\\\/turraadvogados.doisgv.com\\\/wp-content\\\/uploads\\\/2025\\\/11\\\/professional-lawyer-shaking-hands-congratulation-w-2025-01-09-02-24-59-utc-1.jpg&quot;},{&quot;id&quot;:269,&quot;url&quot;:&quot;https:\\\/\\\/turraadvogados.doisgv.com\\\/wp-content\\\/uploads\\\/2025\\\/11\\\/the-statue-of-justice-symbol-legal-law-office-on-2025-03-27-05-48-24-utc.jpg&quot;},{&quot;id&quot;:263,&quot;url&quot;:&quot;https:\\\/\\\/turraadvogados.doisgv.com\\\/wp-content\\\/uploads\\\/2025\\\/11\\\/business-asian-people-and-lawyers-businessman-and-2025-02-21-18-07-13-utc-1.jpg&quot;},{&quot;id&quot;:62,&quot;url&quot;:&quot;https:\\\/\\\/turraadvogados.doisgv.com\\\/wp-content\\\/uploads\\\/2025\\\/10\\\/statue-of-lady-justice-on-desk-of-a-judge-or-lawyer-e1732819503774.jpg&quot;},{&quot;id&quot;:23,&quot;url&quot;:&quot;https:\\\/\\\/turraadvogados.doisgv.com\\\/wp-content\\\/uploads\\\/2025\\\/10\\\/lady-justice-holding-scales-of-law-in-a-courtroom-symbolizing-equality-fairness-e1732035226654.jpg&quot;}],&quot;background_slideshow_slide_duration&quot;:2500,&quot;background_slideshow_loop&quot;:&quot;yes&quot;,&quot;background_slideshow_slide_transition&quot;:&quot;fade&quot;,&quot;background_slideshow_transition_duration&quot;:500}\">\n\t\t<div class=\"elementor-element elementor-element-17454c44 e-con-full e-flex e-con e-child\" data-id=\"17454c44\" data-element_type=\"container\" data-e-type=\"container\">\n\t\t\t\t<div class=\"elementor-element elementor-element-2265c572 elementor-widget__width-initial elementor-invisible elementor-widget elementor-widget-elementskit-heading\" data-id=\"2265c572\" data-element_type=\"widget\" data-e-type=\"widget\" data-settings=\"{&quot;_animation&quot;:&quot;fadeInUp&quot;}\" data-widget_type=\"elementskit-heading.default\">\n\t\t\t\t\t<div class=\"ekit-wid-con\" ><div class=\"ekit-heading elementskit-section-title-wraper text_center   ekit_heading_tablet-   ekit_heading_mobile-text_center\"><h1 class=\"ekit-heading--title elementskit-section-title \">Atuamos com \u00e9tica, responsabilidade e compromisso, oferecendo solu\u00e7\u00f5es jur\u00eddicas seguras e personalizadas para cada cliente.<\/h1><\/div><\/div>\t\t\t\t<\/div>\n\t\t\t\t<\/div>\n\t\t\t\t<\/div>\n\t\t<div class=\"elementor-element elementor-element-2ffd09e e-flex e-con-boxed e-con e-parent\" data-id=\"2ffd09e\" data-element_type=\"container\" data-e-type=\"container\">\n\t\t\t\t\t<div class=\"e-con-inner\">\n\t\t<div class=\"elementor-element elementor-element-74ce91b2 e-con-full e-flex e-con e-child\" data-id=\"74ce91b2\" data-element_type=\"container\" data-e-type=\"container\">\n\t\t<div class=\"elementor-element elementor-element-3c6fce6d e-con-full e-flex e-con e-child\" data-id=\"3c6fce6d\" data-element_type=\"container\" data-e-type=\"container\">\n\t\t\t\t<div class=\"elementor-element elementor-element-3143b9c5 elementor-widget__width-initial elementor-widget-mobile__width-inherit elementor-invisible elementor-widget elementor-widget-elementskit-heading\" data-id=\"3143b9c5\" data-element_type=\"widget\" data-e-type=\"widget\" data-settings=\"{&quot;_animation&quot;:&quot;fadeInUp&quot;}\" data-widget_type=\"elementskit-heading.default\">\n\t\t\t\t\t<div class=\"ekit-wid-con\" ><div class=\"ekit-heading elementskit-section-title-wraper text_left   ekit_heading_tablet-   ekit_heading_mobile-text_center\"><h5 class=\"elementskit-section-subtitle  \">\n\t\t\t\t\t\tSobre o Escrit\u00f3rio\n\t\t\t\t\t<\/h5><h3 class=\"ekit-heading--title elementskit-section-title \">Somos especialistas em Direito Empresarial, Contencioso, Gest\u00e3o Patrimonial (comercial e residencial), Familiar, C\u00edvil, Trabalhista e Banc\u00e1rio.<\/h3><\/div><\/div>\t\t\t\t<\/div>\n\t\t\t\t<\/div>\n\t\t<div class=\"elementor-element elementor-element-17c86257 e-con-full e-flex e-con e-child\" data-id=\"17c86257\" data-element_type=\"container\" data-e-type=\"container\">\n\t\t\t\t<div class=\"elementor-element elementor-element-35529f6c elementor-invisible elementor-widget elementor-widget-text-editor\" data-id=\"35529f6c\" data-element_type=\"widget\" data-e-type=\"widget\" data-settings=\"{&quot;_animation&quot;:&quot;fadeInUp&quot;,&quot;_animation_delay&quot;:200}\" data-widget_type=\"text-editor.default\">\n\t\t\t\t\t\t\t\t\t<p>Com profundo entendimento dos cen\u00e1rios jur\u00eddicos complexos, oferecemos a empresas e indiv\u00edduos clareza e seguran\u00e7a para enfrentar desafios. Nosso time combina precis\u00e3o, estrat\u00e9gia e integridade para alcan\u00e7ar resultados realmente significativos.<\/p>\t\t\t\t\t\t\t\t<\/div>\n\t\t\t\t<\/div>\n\t\t\t\t<\/div>\n\t\t\t\t\t<\/div>\n\t\t\t\t<\/div>\n\t\t<div class=\"elementor-element elementor-element-d51a96a e-flex e-con-boxed e-con e-parent\" data-id=\"d51a96a\" data-element_type=\"container\" data-e-type=\"container\">\n\t\t\t\t\t<div class=\"e-con-inner\">\n\t\t<div class=\"elementor-element elementor-element-96c68a6 e-con-full e-flex e-con e-child\" data-id=\"96c68a6\" data-element_type=\"container\" data-e-type=\"container\" data-settings=\"{&quot;background_background&quot;:&quot;classic&quot;}\">\n\t\t\t\t<div class=\"elementor-element elementor-element-ceab084 elementor-widget elementor-widget-image\" data-id=\"ceab084\" data-element_type=\"widget\" data-e-type=\"widget\" data-widget_type=\"image.default\">\n\t\t\t\t\t\t\t\t\t\t\t\t\t\t\t<img fetchpriority=\"high\" decoding=\"async\" width=\"2560\" height=\"1707\" src=\"https:\/\/turraadvogados.doisgv.com\/wp-content\/uploads\/2026\/04\/tingey-injury-law-firm-6sl88x150Xs-unsplash-scaled.jpg\" class=\"attachment-full size-full wp-image-960\" alt=\"\" srcset=\"https:\/\/turraadvogados.doisgv.com\/wp-content\/uploads\/2026\/04\/tingey-injury-law-firm-6sl88x150Xs-unsplash-scaled.jpg 2560w, https:\/\/turraadvogados.doisgv.com\/wp-content\/uploads\/2026\/04\/tingey-injury-law-firm-6sl88x150Xs-unsplash-300x200.jpg 300w, https:\/\/turraadvogados.doisgv.com\/wp-content\/uploads\/2026\/04\/tingey-injury-law-firm-6sl88x150Xs-unsplash-1024x683.jpg 1024w, https:\/\/turraadvogados.doisgv.com\/wp-content\/uploads\/2026\/04\/tingey-injury-law-firm-6sl88x150Xs-unsplash-768x512.jpg 768w, https:\/\/turraadvogados.doisgv.com\/wp-content\/uploads\/2026\/04\/tingey-injury-law-firm-6sl88x150Xs-unsplash-1536x1024.jpg 1536w, https:\/\/turraadvogados.doisgv.com\/wp-content\/uploads\/2026\/04\/tingey-injury-law-firm-6sl88x150Xs-unsplash-2048x1365.jpg 2048w\" sizes=\"(max-width: 2560px) 100vw, 2560px\" \/>\t\t\t\t\t\t\t\t\t\t\t\t\t\t\t<\/div>\n\t\t\t\t<\/div>\n\t\t<div class=\"elementor-element elementor-element-39bdf98 e-con-full e-flex e-con e-child\" data-id=\"39bdf98\" data-element_type=\"container\" data-e-type=\"container\">\n\t\t\t\t<div class=\"elementor-element elementor-element-d4365fb elementor-widget elementor-widget-image\" data-id=\"d4365fb\" data-element_type=\"widget\" data-e-type=\"widget\" data-widget_type=\"image.default\">\n\t\t\t\t\t\t\t\t\t\t\t\t\t\t\t<img decoding=\"async\" width=\"800\" height=\"534\" src=\"https:\/\/turraadvogados.doisgv.com\/wp-content\/uploads\/2026\/02\/giammarco-boscaro-zeH-ljawHtg-unsplash-1024x683.jpg\" class=\"attachment-large size-large wp-image-867\" alt=\"\" srcset=\"https:\/\/turraadvogados.doisgv.com\/wp-content\/uploads\/2026\/02\/giammarco-boscaro-zeH-ljawHtg-unsplash-1024x683.jpg 1024w, https:\/\/turraadvogados.doisgv.com\/wp-content\/uploads\/2026\/02\/giammarco-boscaro-zeH-ljawHtg-unsplash-300x200.jpg 300w, https:\/\/turraadvogados.doisgv.com\/wp-content\/uploads\/2026\/02\/giammarco-boscaro-zeH-ljawHtg-unsplash-768x512.jpg 768w, https:\/\/turraadvogados.doisgv.com\/wp-content\/uploads\/2026\/02\/giammarco-boscaro-zeH-ljawHtg-unsplash-1536x1024.jpg 1536w, https:\/\/turraadvogados.doisgv.com\/wp-content\/uploads\/2026\/02\/giammarco-boscaro-zeH-ljawHtg-unsplash-2048x1365.jpg 2048w\" sizes=\"(max-width: 800px) 100vw, 800px\" \/>\t\t\t\t\t\t\t\t\t\t\t\t\t\t\t<\/div>\n\t\t\t\t<\/div>\n\t\t<div class=\"elementor-element elementor-element-96611d7 e-con-full e-flex e-con e-child\" data-id=\"96611d7\" data-element_type=\"container\" data-e-type=\"container\">\n\t\t\t\t<div class=\"elementor-element elementor-element-3ca3ce0 elementor-widget elementor-widget-image\" data-id=\"3ca3ce0\" data-element_type=\"widget\" data-e-type=\"widget\" data-widget_type=\"image.default\">\n\t\t\t\t\t\t\t\t\t\t\t\t\t\t\t<img decoding=\"async\" width=\"800\" height=\"534\" src=\"https:\/\/turraadvogados.doisgv.com\/wp-content\/uploads\/2026\/02\/wesley-tingey-TdNLjGXVH3s-unsplash-1024x683.jpg\" class=\"attachment-large size-large wp-image-869\" alt=\"\" srcset=\"https:\/\/turraadvogados.doisgv.com\/wp-content\/uploads\/2026\/02\/wesley-tingey-TdNLjGXVH3s-unsplash-1024x683.jpg 1024w, https:\/\/turraadvogados.doisgv.com\/wp-content\/uploads\/2026\/02\/wesley-tingey-TdNLjGXVH3s-unsplash-300x200.jpg 300w, https:\/\/turraadvogados.doisgv.com\/wp-content\/uploads\/2026\/02\/wesley-tingey-TdNLjGXVH3s-unsplash-768x512.jpg 768w, https:\/\/turraadvogados.doisgv.com\/wp-content\/uploads\/2026\/02\/wesley-tingey-TdNLjGXVH3s-unsplash-1536x1024.jpg 1536w, https:\/\/turraadvogados.doisgv.com\/wp-content\/uploads\/2026\/02\/wesley-tingey-TdNLjGXVH3s-unsplash-2048x1365.jpg 2048w\" sizes=\"(max-width: 800px) 100vw, 800px\" \/>\t\t\t\t\t\t\t\t\t\t\t\t\t\t\t<\/div>\n\t\t\t\t<\/div>\n\t\t<div class=\"elementor-element elementor-element-3208a56 e-con-full e-flex e-con e-child\" data-id=\"3208a56\" data-element_type=\"container\" data-e-type=\"container\">\n\t\t\t\t<div class=\"elementor-element elementor-element-bb45eb1 elementor-widget elementor-widget-image\" data-id=\"bb45eb1\" data-element_type=\"widget\" data-e-type=\"widget\" data-widget_type=\"image.default\">\n\t\t\t\t\t\t\t\t\t\t\t\t\t\t\t<img loading=\"lazy\" decoding=\"async\" width=\"800\" height=\"534\" src=\"https:\/\/turraadvogados.doisgv.com\/wp-content\/uploads\/2026\/02\/tingey-injury-law-firm-DZpc4UY8ZtY-unsplash-1024x683.jpg\" class=\"attachment-large size-large wp-image-871\" alt=\"\" srcset=\"https:\/\/turraadvogados.doisgv.com\/wp-content\/uploads\/2026\/02\/tingey-injury-law-firm-DZpc4UY8ZtY-unsplash-1024x683.jpg 1024w, https:\/\/turraadvogados.doisgv.com\/wp-content\/uploads\/2026\/02\/tingey-injury-law-firm-DZpc4UY8ZtY-unsplash-300x200.jpg 300w, https:\/\/turraadvogados.doisgv.com\/wp-content\/uploads\/2026\/02\/tingey-injury-law-firm-DZpc4UY8ZtY-unsplash-768x512.jpg 768w, https:\/\/turraadvogados.doisgv.com\/wp-content\/uploads\/2026\/02\/tingey-injury-law-firm-DZpc4UY8ZtY-unsplash-1536x1024.jpg 1536w, https:\/\/turraadvogados.doisgv.com\/wp-content\/uploads\/2026\/02\/tingey-injury-law-firm-DZpc4UY8ZtY-unsplash-2048x1365.jpg 2048w\" sizes=\"(max-width: 800px) 100vw, 800px\" \/>\t\t\t\t\t\t\t\t\t\t\t\t\t\t\t<\/div>\n\t\t\t\t<\/div>\n\t\t\t\t\t<\/div>\n\t\t\t\t<\/div>\n\t\t<div class=\"elementor-element elementor-element-17308e1f e-flex e-con-boxed e-con e-parent\" data-id=\"17308e1f\" data-element_type=\"container\" data-e-type=\"container\" data-settings=\"{&quot;background_background&quot;:&quot;classic&quot;}\">\n\t\t\t\t\t<div class=\"e-con-inner\">\n\t\t<div class=\"elementor-element elementor-element-3831a7c8 e-con-full e-flex e-con e-child\" data-id=\"3831a7c8\" data-element_type=\"container\" data-e-type=\"container\">\n\t\t\t\t<div class=\"elementor-element elementor-element-72519def elementor-widget__width-initial elementor-invisible elementor-widget elementor-widget-elementskit-heading\" data-id=\"72519def\" data-element_type=\"widget\" data-e-type=\"widget\" id=\"atuacao\" data-settings=\"{&quot;_animation&quot;:&quot;fadeInUp&quot;}\" data-widget_type=\"elementskit-heading.default\">\n\t\t\t\t\t<div class=\"ekit-wid-con\" ><div class=\"ekit-heading elementskit-section-title-wraper text_center   ekit_heading_tablet-   ekit_heading_mobile-\"><h2 class=\"ekit-heading--title elementskit-section-title \">Conhe\u00e7a Todos nossos servi\u00e7os!<\/h2><\/div><\/div>\t\t\t\t<\/div>\n\t\t\t\t<div class=\"elementor-element elementor-element-5796e73 elementor-widget elementor-widget-button\" data-id=\"5796e73\" data-element_type=\"widget\" data-e-type=\"widget\" data-widget_type=\"button.default\">\n\t\t\t\t\t\t\t\t\t\t<a class=\"elementor-button elementor-button-link elementor-size-sm\" href=\"https:\/\/turraadvogados.doisgv.com\/index.php\/area-de-atuacao\">\n\t\t\t\t\t\t<span class=\"elementor-button-content-wrapper\">\n\t\t\t\t\t\t\t\t\t<span class=\"elementor-button-text\">acessar servi\u00e7os<\/span>\n\t\t\t\t\t<\/span>\n\t\t\t\t\t<\/a>\n\t\t\t\t\t\t\t\t<\/div>\n\t\t\t\t<\/div>\n\t\t\t\t\t<\/div>\n\t\t\t\t<\/div>\n\t\t<div class=\"elementor-element elementor-element-7fc5496 e-flex e-con-boxed e-con e-parent\" data-id=\"7fc5496\" data-element_type=\"container\" data-e-type=\"container\" data-settings=\"{&quot;background_background&quot;:&quot;classic&quot;}\">\n\t\t\t\t\t<div class=\"e-con-inner\">\n\t\t\t\t\t<\/div>\n\t\t\t\t<\/div>\n\t\t\t\t<\/div>\n\t\t","protected":false},"excerpt":{"rendered":"<p>Atuamos com \u00e9tica, responsabilidade e compromisso, oferecendo solu\u00e7\u00f5es jur\u00eddicas seguras e personalizadas para cada cliente. Sobre o Escrit\u00f3rio Somos especialistas em Direito Empresarial, Contencioso, Gest\u00e3o Patrimonial (comercial e residencial), Familiar, C\u00edvil, Trabalhista e Banc\u00e1rio. Com profundo entendimento dos cen\u00e1rios jur\u00eddicos complexos, oferecemos a empresas e indiv\u00edduos clareza e seguran\u00e7a para enfrentar desafios. Nosso time combina [&hellip;]<\/p>\n","protected":false},"author":1,"featured_media":0,"parent":0,"menu_order":0,"comment_status":"closed","ping_status":"closed","template":"","meta":{"footnotes":""},"class_list":["post-9","page","type-page","status-publish","hentry"],"_links":{"self":[{"href":"https:\/\/turraadvogados.doisgv.com\/index.php\/wp-json\/wp\/v2\/pages\/9","targetHints":{"allow":["GET"]}}],"collection":[{"href":"https:\/\/turraadvogados.doisgv.com\/index.php\/wp-json\/wp\/v2\/pages"}],"about":[{"href":"https:\/\/turraadvogados.doisgv.com\/index.php\/wp-json\/wp\/v2\/types\/page"}],"author":[{"embeddable":true,"href":"https:\/\/turraadvogados.doisgv.com\/index.php\/wp-json\/wp\/v2\/users\/1"}],"replies":[{"embeddable":true,"href":"https:\/\/turraadvogados.doisgv.com\/index.php\/wp-json\/wp\/v2\/comments?post=9"}],"version-history":[{"count":265,"href":"https:\/\/turraadvogados.doisgv.com\/index.php\/wp-json\/wp\/v2\/pages\/9\/revisions"}],"predecessor-version":[{"id":1131,"href":"https:\/\/turraadvogados.doisgv.com\/index.php\/wp-json\/wp\/v2\/pages\/9\/revisions\/1131"}],"wp:attachment":[{"href":"https:\/\/turraadvogados.doisgv.com\/index.php\/wp-json\/wp\/v2\/media?parent=9"}],"curies":[{"name":"wp","href":"https:\/\/api.w.org\/{rel}","templated":true}]}}